{"id":14768,"date":"2024-12-20T22:09:16","date_gmt":"2024-12-20T22:09:16","guid":{"rendered":"https:\/\/ballooningmarrakech.com\/?page_id=14768"},"modified":"2024-12-21T11:12:29","modified_gmt":"2024-12-21T11:12:29","slug":"questions-frequentes","status":"publish","type":"page","link":"https:\/\/ballooningmarrakech.com\/fr\/questions-frequentes\/","title":{"rendered":"FAQ"},"content":{"rendered":"\t\t<div data-elementor-type=\"wp-page\" data-elementor-id=\"14768\" class=\"elementor elementor-14768\">\n\t\t\t\t<div class=\"elementor-element elementor-element-e1af449 e-flex e-con-boxed e-con e-parent\" data-id=\"e1af449\" data-element_type=\"container\">\n\t\t\t\t\t<div class=\"e-con-inner\">\n\t\t<div class=\"elementor-element elementor-element-8430204 e-con-full e-flex e-con e-child\" data-id=\"8430204\" data-element_type=\"container\">\n\t\t\t\t<\/div>\n\t\t<div class=\"elementor-element elementor-element-99a84df e-con-full e-flex e-con e-child\" data-id=\"99a84df\" data-element_type=\"container\">\n\t\t\t\t<div class=\"elementor-element elementor-element-2219847 elementor-widget elementor-widget-heading\" data-id=\"2219847\" data-element_type=\"widget\" data-widget_type=\"heading.default\">\n\t\t\t\t<div class=\"elementor-widget-container\">\n\t\t\t\t\t<h2 class=\"elementor-heading-title elementor-size-default\">Questions Fr\u00e9quentes\n<\/h2>\t\t\t\t<\/div>\n\t\t\t\t<\/div>\n\t\t\t\t<div class=\"elementor-element elementor-element-430c0df elementor-widget elementor-widget-st_faq\" data-id=\"430c0df\" data-element_type=\"widget\" data-widget_type=\"st_faq.default\">\n\t\t\t\t<div class=\"elementor-widget-container\">\n\t\t\t\t\t    <div class=\"accordion faq-lib st-style6\" id=\"accordion_list_430c0df\">\r\n                    <div class=\"accordion-item\">\r\n                <h2 class=\"accordion-header\" id=\"heading_comment-r\u00e9server-un-vol-en-montgolfi\u00e8re\">\r\n                    <button class=\"accordion-button   \" type=\"button\" data-bs-toggle=\"collapse\" data-bs-target=\"#st-comment-r\u00e9server-un-vol-en-montgolfi\u00e8re\" aria-expanded=\"true\" aria-controls=\"comment-r\u00e9server-un-vol-en-montgolfi\u00e8re\">\r\n                        <span class=\"label\"><\/span>\r\n                        Comment r\u00e9server un vol en montgolfi\u00e8re ?                        <i class=\"stt-icon\"><\/i>\r\n                    <\/button>\r\n                <\/h2>\r\n                <div id=\"st-comment-r\u00e9server-un-vol-en-montgolfi\u00e8re\" class=\"accordion-collapse collapse show\" aria-labelledby=\"heading_comment-r\u00e9server-un-vol-en-montgolfi\u00e8re\" data-bs-parent=\"#accordion_list_430c0df\">\r\n                    <div class=\"accordion-body\">\r\n                        R\u00e9server votre vol avec Sunrise Balloon est simple ! Vous pouvez le faire en ligne sur notre site web, par t\u00e9l\u00e9phone, via WhatsApp ou directement dans nos bureaux.\n\n                    <\/div>\r\n                <\/div>\r\n            <\/div>\r\n                    <div class=\"accordion-item\">\r\n                <h2 class=\"accordion-header\" id=\"heading_quels-sont-les-moyens-de-paiement-accept\u00e9s\">\r\n                    <button class=\"accordion-button   collapsed\" type=\"button\" data-bs-toggle=\"collapse\" data-bs-target=\"#st-quels-sont-les-moyens-de-paiement-accept\u00e9s\" aria-expanded=\"false\" aria-controls=\"quels-sont-les-moyens-de-paiement-accept\u00e9s\">\r\n                        <span class=\"label\"><\/span>\r\n                        Quels sont les moyens de paiement accept\u00e9s ?                        <i class=\"stt-icon\"><\/i>\r\n                    <\/button>\r\n                <\/h2>\r\n                <div id=\"st-quels-sont-les-moyens-de-paiement-accept\u00e9s\" class=\"accordion-collapse collapse \" aria-labelledby=\"heading_quels-sont-les-moyens-de-paiement-accept\u00e9s\" data-bs-parent=\"#accordion_list_430c0df\">\r\n                    <div class=\"accordion-body\">\r\n                        Pour votre confort, nous acceptons les cartes de cr\u00e9dit, PayPal, les virements bancaires et les paiements en esp\u00e8ces.\n                    <\/div>\r\n                <\/div>\r\n            <\/div>\r\n                    <div class=\"accordion-item\">\r\n                <h2 class=\"accordion-header\" id=\"heading_que-se-passe-t-il-en-cas-de-mauvais-temps\">\r\n                    <button class=\"accordion-button   collapsed\" type=\"button\" data-bs-toggle=\"collapse\" data-bs-target=\"#st-que-se-passe-t-il-en-cas-de-mauvais-temps\" aria-expanded=\"false\" aria-controls=\"que-se-passe-t-il-en-cas-de-mauvais-temps\">\r\n                        <span class=\"label\"><\/span>\r\n                        Que se passe-t-il en cas de mauvais temps ?                        <i class=\"stt-icon\"><\/i>\r\n                    <\/button>\r\n                <\/h2>\r\n                <div id=\"st-que-se-passe-t-il-en-cas-de-mauvais-temps\" class=\"accordion-collapse collapse \" aria-labelledby=\"heading_que-se-passe-t-il-en-cas-de-mauvais-temps\" data-bs-parent=\"#accordion_list_430c0df\">\r\n                    <div class=\"accordion-body\">\r\n                        La s\u00e9curit\u00e9 est notre priorit\u00e9 absolue. Si les conditions m\u00e9t\u00e9orologiques ne sont pas favorables, nous reprogrammerons votre vol \u00e0 une date ult\u00e9rieure ou vous proposerons un remboursement complet.\n\n                    <\/div>\r\n                <\/div>\r\n            <\/div>\r\n                    <div class=\"accordion-item\">\r\n                <h2 class=\"accordion-header\" id=\"heading_puis-je-modifier-ou-annuler-ma-r\u00e9servation\">\r\n                    <button class=\"accordion-button   collapsed\" type=\"button\" data-bs-toggle=\"collapse\" data-bs-target=\"#st-puis-je-modifier-ou-annuler-ma-r\u00e9servation\" aria-expanded=\"false\" aria-controls=\"puis-je-modifier-ou-annuler-ma-r\u00e9servation\">\r\n                        <span class=\"label\"><\/span>\r\n                        Puis-je modifier ou annuler ma r\u00e9servation ?                        <i class=\"stt-icon\"><\/i>\r\n                    <\/button>\r\n                <\/h2>\r\n                <div id=\"st-puis-je-modifier-ou-annuler-ma-r\u00e9servation\" class=\"accordion-collapse collapse \" aria-labelledby=\"heading_puis-je-modifier-ou-annuler-ma-r\u00e9servation\" data-bs-parent=\"#accordion_list_430c0df\">\r\n                    <div class=\"accordion-body\">\r\n                        Vous pouvez modifier votre r\u00e9servation Montgolfi\u00e8re gratuitement jusqu\u2019\u00e0 48 heures avant votre vol. Les annulations sont soumises \u00e0 notre politique :\n\nR\u00e9servations individuelles : Annulation gratuite jusqu\u2019\u00e0 48 heures avant le vol.\nR\u00e9servations de groupe : Veuillez nous contacter pour conna\u00eetre les conditions.                    <\/div>\r\n                <\/div>\r\n            <\/div>\r\n                    <div class=\"accordion-item\">\r\n                <h2 class=\"accordion-header\" id=\"heading_y-a-t-il-des-restrictions-pour-voler\">\r\n                    <button class=\"accordion-button   collapsed\" type=\"button\" data-bs-toggle=\"collapse\" data-bs-target=\"#st-y-a-t-il-des-restrictions-pour-voler\" aria-expanded=\"false\" aria-controls=\"y-a-t-il-des-restrictions-pour-voler\">\r\n                        <span class=\"label\"><\/span>\r\n                        Y a-t-il des restrictions pour voler ?                        <i class=\"stt-icon\"><\/i>\r\n                    <\/button>\r\n                <\/h2>\r\n                <div id=\"st-y-a-t-il-des-restrictions-pour-voler\" class=\"accordion-collapse collapse \" aria-labelledby=\"heading_y-a-t-il-des-restrictions-pour-voler\" data-bs-parent=\"#accordion_list_430c0df\">\r\n                    <div class=\"accordion-body\">\r\n                        Pour des raisons de s\u00e9curit\u00e9, les restrictions suivantes s\u2019appliquent :\n\nFemmes enceintes\nEnfants de moins de 12 ans sans adulte accompagnant\nAnimaux de compagnie\nPersonnes sous l\u2019influence d\u2019alcool ou de drogues                    <\/div>\r\n                <\/div>\r\n            <\/div>\r\n                    <div class=\"accordion-item\">\r\n                <h2 class=\"accordion-header\" id=\"heading_que-dois-je-porter-pour-le-vol\">\r\n                    <button class=\"accordion-button   collapsed\" type=\"button\" data-bs-toggle=\"collapse\" data-bs-target=\"#st-que-dois-je-porter-pour-le-vol\" aria-expanded=\"false\" aria-controls=\"que-dois-je-porter-pour-le-vol\">\r\n                        <span class=\"label\"><\/span>\r\n                        Que dois-je porter pour le vol ?                        <i class=\"stt-icon\"><\/i>\r\n                    <\/button>\r\n                <\/h2>\r\n                <div id=\"st-que-dois-je-porter-pour-le-vol\" class=\"accordion-collapse collapse \" aria-labelledby=\"heading_que-dois-je-porter-pour-le-vol\" data-bs-parent=\"#accordion_list_430c0df\">\r\n                    <div class=\"accordion-body\">\r\n                        Nous vous recommandons de porter des v\u00eatements confortables et des chaussures plates \u00e0 bout ferm\u00e9. Veuillez \u00e9viter les talons hauts pour votre s\u00e9curit\u00e9.\n\n                    <\/div>\r\n                <\/div>\r\n            <\/div>\r\n                    <div class=\"accordion-item\">\r\n                <h2 class=\"accordion-header\" id=\"heading_quels-sont-les-horaires-des-vols\">\r\n                    <button class=\"accordion-button   collapsed\" type=\"button\" data-bs-toggle=\"collapse\" data-bs-target=\"#st-quels-sont-les-horaires-des-vols\" aria-expanded=\"false\" aria-controls=\"quels-sont-les-horaires-des-vols\">\r\n                        <span class=\"label\"><\/span>\r\n                        Quels sont les horaires des vols ?                        <i class=\"stt-icon\"><\/i>\r\n                    <\/button>\r\n                <\/h2>\r\n                <div id=\"st-quels-sont-les-horaires-des-vols\" class=\"accordion-collapse collapse \" aria-labelledby=\"heading_quels-sont-les-horaires-des-vols\" data-bs-parent=\"#accordion_list_430c0df\">\r\n                    <div class=\"accordion-body\">\r\n                        Nos vols ont lieu t\u00f4t le matin pour vous offrir les vues les plus spectaculaires et des conditions de vol optimales.\n\n                    <\/div>\r\n                <\/div>\r\n            <\/div>\r\n                    <div class=\"accordion-item\">\r\n                <h2 class=\"accordion-header\" id=\"heading_quand-dois-je-r\u00e9server-mon-vol\">\r\n                    <button class=\"accordion-button   collapsed\" type=\"button\" data-bs-toggle=\"collapse\" data-bs-target=\"#st-quand-dois-je-r\u00e9server-mon-vol\" aria-expanded=\"false\" aria-controls=\"quand-dois-je-r\u00e9server-mon-vol\">\r\n                        <span class=\"label\"><\/span>\r\n                        Quand dois-je r\u00e9server mon vol ?                        <i class=\"stt-icon\"><\/i>\r\n                    <\/button>\r\n                <\/h2>\r\n                <div id=\"st-quand-dois-je-r\u00e9server-mon-vol\" class=\"accordion-collapse collapse \" aria-labelledby=\"heading_quand-dois-je-r\u00e9server-mon-vol\" data-bs-parent=\"#accordion_list_430c0df\">\r\n                    <div class=\"accordion-body\">\r\n                        Pour garantir votre place, nous vous recommandons de r\u00e9server le plus t\u00f4t possible, surtout en haute saison o\u00f9 la demande est forte.\n\n                    <\/div>\r\n                <\/div>\r\n            <\/div>\r\n                    <div class=\"accordion-item\">\r\n                <h2 class=\"accordion-header\" id=\"heading_quelle-est-la-politique-de-remboursement-de-sunrise-balloon\">\r\n                    <button class=\"accordion-button   collapsed\" type=\"button\" data-bs-toggle=\"collapse\" data-bs-target=\"#st-quelle-est-la-politique-de-remboursement-de-sunrise-balloon\" aria-expanded=\"false\" aria-controls=\"quelle-est-la-politique-de-remboursement-de-sunrise-balloon\">\r\n                        <span class=\"label\"><\/span>\r\n                        Quelle est la politique de remboursement de Sunrise Balloon ?                        <i class=\"stt-icon\"><\/i>\r\n                    <\/button>\r\n                <\/h2>\r\n                <div id=\"st-quelle-est-la-politique-de-remboursement-de-sunrise-balloon\" class=\"accordion-collapse collapse \" aria-labelledby=\"heading_quelle-est-la-politique-de-remboursement-de-sunrise-balloon\" data-bs-parent=\"#accordion_list_430c0df\">\r\n                    <div class=\"accordion-body\">\r\n                        Si nous devons annuler votre vol en raison de conditions m\u00e9t\u00e9orologiques ou de pr\u00e9occupations de s\u00e9curit\u00e9, vous aurez droit \u00e0 un remboursement complet ou pourrez choisir de reprogrammer votre vol.\n\n                    <\/div>\r\n                <\/div>\r\n            <\/div>\r\n                    <div class=\"accordion-item\">\r\n                <h2 class=\"accordion-header\" id=\"heading_y-a-t-il-une-limite-de-poids-pour-les-passagers\">\r\n                    <button class=\"accordion-button   collapsed\" type=\"button\" data-bs-toggle=\"collapse\" data-bs-target=\"#st-y-a-t-il-une-limite-de-poids-pour-les-passagers\" aria-expanded=\"false\" aria-controls=\"y-a-t-il-une-limite-de-poids-pour-les-passagers\">\r\n                        <span class=\"label\"><\/span>\r\n                        Y a-t-il une limite de poids pour les passagers ?                        <i class=\"stt-icon\"><\/i>\r\n                    <\/button>\r\n                <\/h2>\r\n                <div id=\"st-y-a-t-il-une-limite-de-poids-pour-les-passagers\" class=\"accordion-collapse collapse \" aria-labelledby=\"heading_y-a-t-il-une-limite-de-poids-pour-les-passagers\" data-bs-parent=\"#accordion_list_430c0df\">\r\n                    <div class=\"accordion-body\">\r\n                        Oui, nous demandons aux passagers pesant plus de 100 kg de nous en informer lors de la r\u00e9servation afin de pr\u00e9voir les dispositions n\u00e9cessaires.\n\n                    <\/div>\r\n                <\/div>\r\n            <\/div>\r\n                    <div class=\"accordion-item\">\r\n                <h2 class=\"accordion-header\" id=\"heading_les-vols-en-montgolfi\u00e8re-sont-ils-s\u00fbrs\">\r\n                    <button class=\"accordion-button   collapsed\" type=\"button\" data-bs-toggle=\"collapse\" data-bs-target=\"#st-les-vols-en-montgolfi\u00e8re-sont-ils-s\u00fbrs\" aria-expanded=\"false\" aria-controls=\"les-vols-en-montgolfi\u00e8re-sont-ils-s\u00fbrs\">\r\n                        <span class=\"label\"><\/span>\r\n                        Les vols en montgolfi\u00e8re sont-ils s\u00fbrs ?                        <i class=\"stt-icon\"><\/i>\r\n                    <\/button>\r\n                <\/h2>\r\n                <div id=\"st-les-vols-en-montgolfi\u00e8re-sont-ils-s\u00fbrs\" class=\"accordion-collapse collapse \" aria-labelledby=\"heading_les-vols-en-montgolfi\u00e8re-sont-ils-s\u00fbrs\" data-bs-parent=\"#accordion_list_430c0df\">\r\n                    <div class=\"accordion-body\">\r\n                        Absolument. La s\u00e9curit\u00e9 est notre priorit\u00e9. Nos pilotes sont certifi\u00e9s et hautement exp\u00e9riment\u00e9s, et notre \u00e9quipement fait l\u2019objet d\u2019inspections r\u00e9guli\u00e8res pour garantir votre s\u00e9curit\u00e9.\n\n                    <\/div>\r\n                <\/div>\r\n            <\/div>\r\n                    <div class=\"accordion-item\">\r\n                <h2 class=\"accordion-header\" id=\"heading_vais-je-ressentir-des-vertiges-ou-des-\u00e9tourdissements-pendant-le-vol-en-montgolfi\u00e8re\">\r\n                    <button class=\"accordion-button   collapsed\" type=\"button\" data-bs-toggle=\"collapse\" data-bs-target=\"#st-vais-je-ressentir-des-vertiges-ou-des-\u00e9tourdissements-pendant-le-vol-en-montgolfi\u00e8re\" aria-expanded=\"false\" aria-controls=\"vais-je-ressentir-des-vertiges-ou-des-\u00e9tourdissements-pendant-le-vol-en-montgolfi\u00e8re\">\r\n                        <span class=\"label\"><\/span>\r\n                        Vais-je ressentir des vertiges ou des \u00e9tourdissements pendant le vol en montgolfi\u00e8re ?                        <i class=\"stt-icon\"><\/i>\r\n                    <\/button>\r\n                <\/h2>\r\n                <div id=\"st-vais-je-ressentir-des-vertiges-ou-des-\u00e9tourdissements-pendant-le-vol-en-montgolfi\u00e8re\" class=\"accordion-collapse collapse \" aria-labelledby=\"heading_vais-je-ressentir-des-vertiges-ou-des-\u00e9tourdissements-pendant-le-vol-en-montgolfi\u00e8re\" data-bs-parent=\"#accordion_list_430c0df\">\r\n                    <div class=\"accordion-body\">\r\n                        Non, la plupart des passagers ne ressentent ni vertiges ni \u00e9tourdissements lors d\u2019un vol en montgolfi\u00e8re. La mont\u00e9e douce et l\u2019absence de contact direct avec le sol offrent une exp\u00e9rience stable et confortable pour tous.\n\n                    <\/div>\r\n                <\/div>\r\n            <\/div>\r\n                    <div class=\"accordion-item\">\r\n                <h2 class=\"accordion-header\" id=\"heading_puis-je-offrir-un-vol-en-montgolfi\u00e8re-en-cadeau\">\r\n                    <button class=\"accordion-button   collapsed\" type=\"button\" data-bs-toggle=\"collapse\" data-bs-target=\"#st-puis-je-offrir-un-vol-en-montgolfi\u00e8re-en-cadeau\" aria-expanded=\"false\" aria-controls=\"puis-je-offrir-un-vol-en-montgolfi\u00e8re-en-cadeau\">\r\n                        <span class=\"label\"><\/span>\r\n                        Puis-je offrir un vol en montgolfi\u00e8re en cadeau ?                        <i class=\"stt-icon\"><\/i>\r\n                    <\/button>\r\n                <\/h2>\r\n                <div id=\"st-puis-je-offrir-un-vol-en-montgolfi\u00e8re-en-cadeau\" class=\"accordion-collapse collapse \" aria-labelledby=\"heading_puis-je-offrir-un-vol-en-montgolfi\u00e8re-en-cadeau\" data-bs-parent=\"#accordion_list_430c0df\">\r\n                    <div class=\"accordion-body\">\r\n                        Oui, nous proposons des bons cadeaux pour une exp\u00e9rience inoubliable avec Sunrise Balloon Marrakech.\n\n                    <\/div>\r\n                <\/div>\r\n            <\/div>\r\n                    <div class=\"accordion-item\">\r\n                <h2 class=\"accordion-header\" id=\"heading_quelle-est-la-dur\u00e9e-totale-de-l-excursion\">\r\n                    <button class=\"accordion-button   collapsed\" type=\"button\" data-bs-toggle=\"collapse\" data-bs-target=\"#st-quelle-est-la-dur\u00e9e-totale-de-l-excursion\" aria-expanded=\"false\" aria-controls=\"quelle-est-la-dur\u00e9e-totale-de-l-excursion\">\r\n                        <span class=\"label\"><\/span>\r\n                        Quelle est la dur\u00e9e totale de l\u2019excursion ?                        <i class=\"stt-icon\"><\/i>\r\n                    <\/button>\r\n                <\/h2>\r\n                <div id=\"st-quelle-est-la-dur\u00e9e-totale-de-l-excursion\" class=\"accordion-collapse collapse \" aria-labelledby=\"heading_quelle-est-la-dur\u00e9e-totale-de-l-excursion\" data-bs-parent=\"#accordion_list_430c0df\">\r\n                    <div class=\"accordion-body\">\r\n                        L\u2019exp\u00e9rience compl\u00e8te dure environ 4 \u00e0 5 heures, incluant le transport, la pr\u00e9paration de la montgolfi\u00e8re, le vol et le petit-d\u00e9jeuner.\n\n                    <\/div>\r\n                <\/div>\r\n            <\/div>\r\n                    <div class=\"accordion-item\">\r\n                <h2 class=\"accordion-header\" id=\"heading_dois-je-apporter-quelque-chose-avec-moi-pour-le-vol\">\r\n                    <button class=\"accordion-button   collapsed\" type=\"button\" data-bs-toggle=\"collapse\" data-bs-target=\"#st-dois-je-apporter-quelque-chose-avec-moi-pour-le-vol\" aria-expanded=\"false\" aria-controls=\"dois-je-apporter-quelque-chose-avec-moi-pour-le-vol\">\r\n                        <span class=\"label\"><\/span>\r\n                        Dois-je apporter quelque chose avec moi pour le vol ?                        <i class=\"stt-icon\"><\/i>\r\n                    <\/button>\r\n                <\/h2>\r\n                <div id=\"st-dois-je-apporter-quelque-chose-avec-moi-pour-le-vol\" class=\"accordion-collapse collapse \" aria-labelledby=\"heading_dois-je-apporter-quelque-chose-avec-moi-pour-le-vol\" data-bs-parent=\"#accordion_list_430c0df\">\r\n                    <div class=\"accordion-body\">\r\n                        Nous vous recommandons d\u2019apporter un appareil photo ou un smartphone pour immortaliser les paysages \u00e9poustouflants. Des lunettes de soleil, un chapeau et une petite bouteille d\u2019eau peuvent \u00e9galement \u00eatre utiles.\n\n                    <\/div>\r\n                <\/div>\r\n            <\/div>\r\n                    <div class=\"accordion-item\">\r\n                <h2 class=\"accordion-header\" id=\"heading_quand-les-vols-avec-sunrise-balloon-sont-ils-disponibles\">\r\n                    <button class=\"accordion-button   collapsed\" type=\"button\" data-bs-toggle=\"collapse\" data-bs-target=\"#st-quand-les-vols-avec-sunrise-balloon-sont-ils-disponibles\" aria-expanded=\"false\" aria-controls=\"quand-les-vols-avec-sunrise-balloon-sont-ils-disponibles\">\r\n                        <span class=\"label\"><\/span>\r\n                        Quand les vols avec Sunrise Balloon sont-ils disponibles ?                        <i class=\"stt-icon\"><\/i>\r\n                    <\/button>\r\n                <\/h2>\r\n                <div id=\"st-quand-les-vols-avec-sunrise-balloon-sont-ils-disponibles\" class=\"accordion-collapse collapse \" aria-labelledby=\"heading_quand-les-vols-avec-sunrise-balloon-sont-ils-disponibles\" data-bs-parent=\"#accordion_list_430c0df\">\r\n                    <div class=\"accordion-body\">\r\n                        Nos vols sont disponibles toute l\u2019ann\u00e9e, sous r\u00e9serve de conditions m\u00e9t\u00e9orologiques favorables.\n\n                    <\/div>\r\n                <\/div>\r\n            <\/div>\r\n                    <div class=\"accordion-item\">\r\n                <h2 class=\"accordion-header\" id=\"heading_sunrise-balloon-peut-il-accueillir-des-groupes\">\r\n                    <button class=\"accordion-button   collapsed\" type=\"button\" data-bs-toggle=\"collapse\" data-bs-target=\"#st-sunrise-balloon-peut-il-accueillir-des-groupes\" aria-expanded=\"false\" aria-controls=\"sunrise-balloon-peut-il-accueillir-des-groupes\">\r\n                        <span class=\"label\"><\/span>\r\n                        Sunrise Balloon peut-il accueillir des groupes ?                        <i class=\"stt-icon\"><\/i>\r\n                    <\/button>\r\n                <\/h2>\r\n                <div id=\"st-sunrise-balloon-peut-il-accueillir-des-groupes\" class=\"accordion-collapse collapse \" aria-labelledby=\"heading_sunrise-balloon-peut-il-accueillir-des-groupes\" data-bs-parent=\"#accordion_list_430c0df\">\r\n                    <div class=\"accordion-body\">\r\n                        Oui, nous disposons de paniers de diff\u00e9rentes capacit\u00e9s pour r\u00e9pondre aux besoins de groupes de tailles vari\u00e9es.\n\n                    <\/div>\r\n                <\/div>\r\n            <\/div>\r\n            <\/div>\r\n\t\t\t\t<\/div>\n\t\t\t\t<\/div>\n\t\t\t\t<\/div>\n\t\t<div class=\"elementor-element elementor-element-fb47833 e-con-full e-flex e-con e-child\" data-id=\"fb47833\" data-element_type=\"container\">\n\t\t\t\t<\/div>\n\t\t\t\t\t<\/div>\n\t\t\t\t<\/div>\n\t\t\t\t<\/div>\n\t\t","protected":false},"excerpt":{"rendered":"<p>Questions Fr\u00e9quentes Comment r\u00e9server un vol en montgolfi\u00e8re ? R\u00e9server votre vol avec Sunrise Balloon est simple ! Vous pouvez le faire en ligne sur notre site web, par t\u00e9l\u00e9phone, via WhatsApp ou directement dans nos bureaux. Quels sont les moyens de paiement accept\u00e9s ? Pour votre confort, nous acceptons les cartes de cr\u00e9dit, PayPal, [&hellip;]<\/p>\n","protected":false},"author":1,"featured_media":0,"parent":0,"menu_order":0,"comment_status":"closed","ping_status":"closed","template":"template-blank.php","meta":{"footnotes":""},"class_list":["post-14768","page","type-page","status-publish","has-post-thumbnail","hentry"],"_links":{"self":[{"href":"https:\/\/ballooningmarrakech.com\/fr\/wp-json\/wp\/v2\/pages\/14768","targetHints":{"allow":["GET"]}}],"collection":[{"href":"https:\/\/ballooningmarrakech.com\/fr\/wp-json\/wp\/v2\/pages"}],"about":[{"href":"https:\/\/ballooningmarrakech.com\/fr\/wp-json\/wp\/v2\/types\/page"}],"author":[{"embeddable":true,"href":"https:\/\/ballooningmarrakech.com\/fr\/wp-json\/wp\/v2\/users\/1"}],"replies":[{"embeddable":true,"href":"https:\/\/ballooningmarrakech.com\/fr\/wp-json\/wp\/v2\/comments?post=14768"}],"version-history":[{"count":0,"href":"https:\/\/ballooningmarrakech.com\/fr\/wp-json\/wp\/v2\/pages\/14768\/revisions"}],"wp:attachment":[{"href":"https:\/\/ballooningmarrakech.com\/fr\/wp-json\/wp\/v2\/media?parent=14768"}],"curies":[{"name":"wp","href":"https:\/\/api.w.org\/{rel}","templated":true}]}}