{"id":14723,"date":"2022-06-02T04:15:48","date_gmt":"2022-06-02T04:15:48","guid":{"rendered":"https:\/\/ballooningmarrakech.com\/about\/"},"modified":"2024-12-21T11:14:08","modified_gmt":"2024-12-21T11:14:08","slug":"a-propos","status":"publish","type":"page","link":"https:\/\/ballooningmarrakech.com\/fr\/a-propos\/","title":{"rendered":"\u00c0 propos"},"content":{"rendered":"\t\t<div data-elementor-type=\"wp-page\" data-elementor-id=\"14723\" class=\"elementor elementor-14723\">\n\t\t\t\t<div class=\"elementor-element elementor-element-5d38630 e-flex e-con-boxed e-con e-parent\" data-id=\"5d38630\" data-element_type=\"container\">\n\t\t\t\t\t<div class=\"e-con-inner\">\n\t\t<div class=\"elementor-element elementor-element-7823c5d e-con-full e-flex e-con e-child\" data-id=\"7823c5d\" data-element_type=\"container\">\n\t\t\t\t<\/div>\n\t\t<div class=\"elementor-element elementor-element-7da692b e-con-full e-flex e-con e-child\" data-id=\"7da692b\" data-element_type=\"container\">\n\t\t\t\t<div class=\"elementor-element elementor-element-6ea6d92 elementor-widget elementor-widget-heading\" data-id=\"6ea6d92\" data-element_type=\"widget\" data-widget_type=\"heading.default\">\n\t\t\t\t<div class=\"elementor-widget-container\">\n\t\t\t\t\t<h1 class=\"elementor-heading-title elementor-size-default\">\u00c0 propos<\/h1>\t\t\t\t<\/div>\n\t\t\t\t<\/div>\n\t\t\t\t<\/div>\n\t\t<div class=\"elementor-element elementor-element-15b0682 e-con-full e-flex e-con e-child\" data-id=\"15b0682\" data-element_type=\"container\">\n\t\t\t\t<\/div>\n\t\t\t\t\t<\/div>\n\t\t\t\t<\/div>\n\t\t<div class=\"elementor-element elementor-element-edd4b51 e-flex e-con-boxed e-con e-parent\" data-id=\"edd4b51\" data-element_type=\"container\">\n\t\t\t\t\t<div class=\"e-con-inner\">\n\t\t<div class=\"elementor-element elementor-element-0b19af1 e-con-full e-flex e-con e-child\" data-id=\"0b19af1\" data-element_type=\"container\">\n\t\t\t\t<div class=\"elementor-element elementor-element-f86b9d6 elementor-widget elementor-widget-heading\" data-id=\"f86b9d6\" data-element_type=\"widget\" data-widget_type=\"heading.default\">\n\t\t\t\t<div class=\"elementor-widget-container\">\n\t\t\t\t\t<h2 class=\"elementor-heading-title elementor-size-default\">D\u00e9couvrez Sunrise Montgolfi\u00e8re \n<\/h2>\t\t\t\t<\/div>\n\t\t\t\t<\/div>\n\t\t\t\t<div class=\"elementor-element elementor-element-8582e26 elementor-widget elementor-widget-heading\" data-id=\"8582e26\" data-element_type=\"widget\" data-widget_type=\"heading.default\">\n\t\t\t\t<div class=\"elementor-widget-container\">\n\t\t\t\t\t<h2 class=\"elementor-heading-title elementor-size-default\">Sunrise Balloon Marrakech propose un vol en montgolfi\u00e8re \u00e0 Marrakech unique en son genre, vous permettant de survoler les paysages embl\u00e9matiques du Maroc. Nous nous distinguons par notre engagement envers la s\u00e9curit\u00e9, un service personnalis\u00e9 et une expertise locale. Chaque vol est bien plus qu\u2019une simple balade : c\u2019est une exp\u00e9rience culturelle immersive, offrant des vues \u00e0 couper le souffle sur Marrakech et ses environs. Avec Sunrise Balloon, profitez d\u2019un vol en montgolfi\u00e8re au Maroc \u00e0 la fois m\u00e9morable et accessible, id\u00e9al pour ceux qui recherchent un vol en montgolfi\u00e8re pas cher sans compromis sur la qualit\u00e9. D\u00e9couvrez la paix, la beaut\u00e9 et l\u2019histoire qui s\u2019unissent dans la tranquillit\u00e9 du ciel matinal.<\/h2>\t\t\t\t<\/div>\n\t\t\t\t<\/div>\n\t\t\t\t<\/div>\n\t\t<div class=\"elementor-element elementor-element-0d7c83d e-con-full e-flex e-con e-child\" data-id=\"0d7c83d\" data-element_type=\"container\">\n\t\t\t\t<div class=\"elementor-element elementor-element-b62921b elementor-widget elementor-widget-image\" data-id=\"b62921b\" data-element_type=\"widget\" data-widget_type=\"image.default\">\n\t\t\t\t<div class=\"elementor-widget-container\">\n\t\t\t\t\t\t\t\t\t\t\t\t\t\t\t<img fetchpriority=\"high\" decoding=\"async\" width=\"2560\" height=\"1600\" src=\"https:\/\/ballooningmarrakech.com\/wp-content\/uploads\/2024\/12\/team-edited-scaled-1.webp\" class=\"attachment-full size-full wp-image-14432\" alt=\"\" srcset=\"https:\/\/ballooningmarrakech.com\/wp-content\/uploads\/2024\/12\/team-edited-scaled-1.webp 2560w, https:\/\/ballooningmarrakech.com\/wp-content\/uploads\/2024\/12\/team-edited-scaled-1-768x480.webp 768w, https:\/\/ballooningmarrakech.com\/wp-content\/uploads\/2024\/12\/team-edited-scaled-1-600x375.webp 600w\" sizes=\"(max-width: 2560px) 100vw, 2560px\" \/>\t\t\t\t\t\t\t\t\t\t\t\t\t\t\t<\/div>\n\t\t\t\t<\/div>\n\t\t\t\t<\/div>\n\t\t\t\t\t<\/div>\n\t\t\t\t<\/div>\n\t\t<div class=\"elementor-element elementor-element-a5f2a95 e-flex e-con-boxed e-con e-parent\" data-id=\"a5f2a95\" data-element_type=\"container\">\n\t\t\t\t\t<div class=\"e-con-inner\">\n\t\t<div class=\"elementor-element elementor-element-6ef1131 e-con-full e-flex e-con e-child\" data-id=\"6ef1131\" data-element_type=\"container\">\n\t\t\t\t<div class=\"elementor-element elementor-element-51ba5f3 elementor-widget elementor-widget-heading\" data-id=\"51ba5f3\" data-element_type=\"widget\" data-widget_type=\"heading.default\">\n\t\t\t\t<div class=\"elementor-widget-container\">\n\t\t\t\t\t<h2 class=\"elementor-heading-title elementor-size-default\">Notre mission\n<\/h2>\t\t\t\t<\/div>\n\t\t\t\t<\/div>\n\t\t\t\t<div class=\"elementor-element elementor-element-184ce64 elementor-widget elementor-widget-heading\" data-id=\"184ce64\" data-element_type=\"widget\" data-widget_type=\"heading.default\">\n\t\t\t\t<div class=\"elementor-widget-container\">\n\t\t\t\t\t<h2 class=\"elementor-heading-title elementor-size-default\">Chez Sunrise Balloon Marrakech, notre mission est d\u2019offrir des exp\u00e9riences en montgolfi\u00e8re \u00e0 couper le souffle, mettant en valeur la beaut\u00e9 et le patrimoine de Marrakech depuis une perspective a\u00e9rienne unique. Nous nous engageons \u00e0 cr\u00e9er des moments inoubliables m\u00ealant aventure, s\u00e9curit\u00e9 et immersion culturelle, afin que chaque invit\u00e9 reparte avec une admiration profonde pour les merveilles naturelles et historiques de la ville.\n\n<\/h2>\t\t\t\t<\/div>\n\t\t\t\t<\/div>\n\t\t\t\t<\/div>\n\t\t<div class=\"elementor-element elementor-element-0f55cd4 e-con-full e-flex e-con e-child\" data-id=\"0f55cd4\" data-element_type=\"container\">\n\t\t\t\t<div class=\"elementor-element elementor-element-32da791 elementor-widget elementor-widget-heading\" data-id=\"32da791\" data-element_type=\"widget\" data-widget_type=\"heading.default\">\n\t\t\t\t<div class=\"elementor-widget-container\">\n\t\t\t\t\t<h2 class=\"elementor-heading-title elementor-size-default\">Pourquoi choisir Sunrise ?<\/h2>\t\t\t\t<\/div>\n\t\t\t\t<\/div>\n\t\t\t\t<div class=\"elementor-element elementor-element-50ec16d elementor-widget elementor-widget-heading\" data-id=\"50ec16d\" data-element_type=\"widget\" data-widget_type=\"heading.default\">\n\t\t\t\t<div class=\"elementor-widget-container\">\n\t\t\t\t\t<h2 class=\"elementor-heading-title elementor-size-default\">Sunrise Balloon Marrakech est le leader des vols en montgolfi\u00e8re \u00e0 Marrakech, offrant des exp\u00e9riences uniques au lever du soleil. Nos pilotes locaux exp\u00e9riment\u00e9s, notre engagement envers la s\u00e9curit\u00e9 et notre connaissance du patrimoine culturel et g\u00e9ographique font toute la diff\u00e9rence.\n\nAvec nous, chaque vol devient une aventure m\u00e9morable, une histoire captivante avec pour d\u00e9cor les splendides lueurs de l\u2019aube de Marrakech. Offrez-vous une exp\u00e9rience inoubliable avec Sunrise Balloon.<\/h2>\t\t\t\t<\/div>\n\t\t\t\t<\/div>\n\t\t\t\t<\/div>\n\t\t\t\t\t<\/div>\n\t\t\t\t<\/div>\n\t\t\t\t<\/div>\n\t\t","protected":false},"excerpt":{"rendered":"<p>\u00c0 propos D\u00e9couvrez Sunrise Montgolfi\u00e8re Sunrise Balloon Marrakech propose un vol en montgolfi\u00e8re \u00e0 Marrakech unique en son genre, vous permettant de survoler les paysages embl\u00e9matiques du Maroc. Nous nous distinguons par notre engagement envers la s\u00e9curit\u00e9, un service personnalis\u00e9 et une expertise locale. Chaque vol est bien plus qu\u2019une simple balade : c\u2019est une [&hellip;]<\/p>\n","protected":false},"author":2,"featured_media":0,"parent":0,"menu_order":0,"comment_status":"closed","ping_status":"closed","template":"template-blank.php","meta":{"footnotes":""},"class_list":["post-14723","page","type-page","status-publish","has-post-thumbnail","hentry"],"_links":{"self":[{"href":"https:\/\/ballooningmarrakech.com\/fr\/wp-json\/wp\/v2\/pages\/14723","targetHints":{"allow":["GET"]}}],"collection":[{"href":"https:\/\/ballooningmarrakech.com\/fr\/wp-json\/wp\/v2\/pages"}],"about":[{"href":"https:\/\/ballooningmarrakech.com\/fr\/wp-json\/wp\/v2\/types\/page"}],"author":[{"embeddable":true,"href":"https:\/\/ballooningmarrakech.com\/fr\/wp-json\/wp\/v2\/users\/2"}],"replies":[{"embeddable":true,"href":"https:\/\/ballooningmarrakech.com\/fr\/wp-json\/wp\/v2\/comments?post=14723"}],"version-history":[{"count":0,"href":"https:\/\/ballooningmarrakech.com\/fr\/wp-json\/wp\/v2\/pages\/14723\/revisions"}],"wp:attachment":[{"href":"https:\/\/ballooningmarrakech.com\/fr\/wp-json\/wp\/v2\/media?parent=14723"}],"curies":[{"name":"wp","href":"https:\/\/api.w.org\/{rel}","templated":true}]}}